{"id":1888,"date":"2025-06-25T20:54:43","date_gmt":"2025-06-25T20:54:43","guid":{"rendered":"https:\/\/gutiepepe.com\/?page_id=1888"},"modified":"2025-06-25T20:54:43","modified_gmt":"2025-06-25T20:54:43","slug":"termos-e-condicoes","status":"publish","type":"page","link":"https:\/\/gutiepepe.com\/?page_id=1888","title":{"rendered":"Termos e Condi\u00e7\u00f5es:"},"content":{"rendered":"\n<p>Seja bem-vindo \u00e0 loja online Guti e Pepe! Ao efetuar uma compra em nosso site, voc\u00ea concorda automaticamente com os termos e condi\u00e7\u00f5es descritos abaixo.<\/p>\n\n\n\n<p>\ud83d\udccc 1. Informa\u00e7\u00f5es Gerais<\/p>\n\n\n\n<p>Todos os produtos vendidos em nosso site s\u00e3o novos, originais e enviados de acordo com as descri\u00e7\u00f5es e imagens exibidas na loja.<\/p>\n\n\n\n<p>\ud83d\udccc 2. Pol\u00edtica de Troca e Devolu\u00e7\u00e3o<\/p>\n\n\n\n<p>De acordo com o C\u00f3digo de Defesa do Consumidor (Art. 49 da Lei n\u00ba 8.078\/1990), o cliente tem o direito de desistir da compra no prazo de 7 (sete) dias corridos a contar da data de recebimento do produto.<\/p>\n\n\n\n<p>Se voc\u00ea n\u00e3o ficar satisfeito ou identificar qualquer defeito, poder\u00e1 solicitar a devolu\u00e7\u00e3o e receber\u00e1 100% do valor pago de volta, incluindo o valor do frete, se aplic\u00e1vel.<\/p>\n\n\n\n<p>Para solicitar a devolu\u00e7\u00e3o, entre em contato pelos seguintes canais:<\/p>\n\n\n\n<p>\ud83d\udce7 E-mail: GutiePepe0@gmail.com<\/p>\n\n\n\n<p>\ud83d\udcf1 WhatsApp: (19) 99750-0960<\/p>\n\n\n\n<p>\u00c9 importante informar o n\u00famero do pedido e o motivo da solicita\u00e7\u00e3o.<\/p>\n\n\n\n<p>&#8212;<\/p>\n\n\n\n<p>\ud83d\udccc 3. Formas de Pagamento<\/p>\n\n\n\n<p>Atualmente aceitamos pagamentos via Mercado Pago, por meio de cart\u00f5es de cr\u00e9dito e d\u00e9bito.<\/p>\n\n\n\n<p>&#8212;<\/p>\n\n\n\n<p>\ud83d\udccc 4. Entregas<\/p>\n\n\n\n<p>As entregas s\u00e3o realizadas via transportadoras ou Correios, conforme a escolha do cliente no momento da compra. Os prazos variam de acordo com a regi\u00e3o e s\u00e3o informados na finaliza\u00e7\u00e3o do pedido.<\/p>\n\n\n\n<p>&#8212;<\/p>\n\n\n\n<p>\ud83d\udccdImportante: Ao realizar a compra, o cliente declara estar ciente e de acordo com todos os itens descritos neste documento.<\/p>\n","protected":false},"excerpt":{"rendered":"<p>Seja bem-vindo \u00e0 loja online Guti e Pepe! Ao efetuar uma compra em nosso site, voc\u00ea concorda automaticamente com os [&hellip;]<\/p>\n","protected":false},"author":1,"featured_media":0,"parent":0,"menu_order":0,"comment_status":"closed","ping_status":"closed","template":"","meta":{"_uag_custom_page_level_css":"","site-sidebar-layout":"default","site-content-layout":"","ast-site-content-layout":"","site-content-style":"default","site-sidebar-style":"default","ast-global-header-display":"","ast-banner-title-visibility":"","ast-main-header-display":"","ast-hfb-above-header-display":"","ast-hfb-below-header-display":"","ast-hfb-mobile-header-display":"","site-post-title":"","ast-breadcrumbs-content":"","ast-featured-img":"","footer-sml-layout":"","theme-transparent-header-meta":"","adv-header-id-meta":"","stick-header-meta":"","header-above-stick-meta":"","header-main-stick-meta":"","header-below-stick-meta":"","astra-migrate-meta-layouts":"default","ast-page-background-enabled":"default","ast-page-background-meta":{"desktop":{"background-color":"var(--ast-global-color-5)","background-image":"","background-repeat":"repeat","background-position":"center center","background-size":"auto","background-attachment":"scroll","background-type":"","background-media":"","overlay-type":"","overlay-color":"","overlay-opacity":"","overlay-gradient":""},"tablet":{"background-color":"","background-image":"","background-repeat":"repeat","background-position":"center center","background-size":"auto","background-attachment":"scroll","background-type":"","background-media":"","overlay-type":"","overlay-color":"","overlay-opacity":"","overlay-gradient":""},"mobile":{"background-color":"","background-image":"","background-repeat":"repeat","background-position":"center center","background-size":"auto","background-attachment":"scroll","background-type":"","background-media":"","overlay-type":"","overlay-color":"","overlay-opacity":"","overlay-gradient":""}},"ast-content-background-meta":{"desktop":{"background-color":"var(--ast-global-color-4)","background-image":"","background-repeat":"repeat","background-position":"center center","background-size":"auto","background-attachment":"scroll","background-type":"","background-media":"","overlay-type":"","overlay-color":"","overlay-opacity":"","overlay-gradient":""},"tablet":{"background-color":"var(--ast-global-color-4)","background-image":"","background-repeat":"repeat","background-position":"center center","background-size":"auto","background-attachment":"scroll","background-type":"","background-media":"","overlay-type":"","overlay-color":"","overlay-opacity":"","overlay-gradient":""},"mobile":{"background-color":"var(--ast-global-color-4)","background-image":"","background-repeat":"repeat","background-position":"center center","background-size":"auto","background-attachment":"scroll","background-type":"","background-media":"","overlay-type":"","overlay-color":"","overlay-opacity":"","overlay-gradient":""}},"footnotes":""},"class_list":["post-1888","page","type-page","status-publish","hentry"],"uagb_featured_image_src":{"full":false,"thumbnail":false,"medium":false,"medium_large":false,"large":false,"1536x1536":false,"2048x2048":false,"woocommerce_thumbnail":false,"woocommerce_single":false,"woocommerce_gallery_thumbnail":false},"uagb_author_info":{"display_name":"rogerio_fiocca@hotmail.com","author_link":"https:\/\/gutiepepe.com\/?author=1"},"uagb_comment_info":0,"uagb_excerpt":"Seja bem-vindo \u00e0 loja online Guti e Pepe! Ao efetuar uma compra em nosso site, voc\u00ea concorda automaticamente com os [&hellip;]","_links":{"self":[{"href":"https:\/\/gutiepepe.com\/index.php?rest_route=\/wp\/v2\/pages\/1888","targetHints":{"allow":["GET"]}}],"collection":[{"href":"https:\/\/gutiepepe.com\/index.php?rest_route=\/wp\/v2\/pages"}],"about":[{"href":"https:\/\/gutiepepe.com\/index.php?rest_route=\/wp\/v2\/types\/page"}],"author":[{"embeddable":true,"href":"https:\/\/gutiepepe.com\/index.php?rest_route=\/wp\/v2\/users\/1"}],"replies":[{"embeddable":true,"href":"https:\/\/gutiepepe.com\/index.php?rest_route=%2Fwp%2Fv2%2Fcomments&post=1888"}],"version-history":[{"count":1,"href":"https:\/\/gutiepepe.com\/index.php?rest_route=\/wp\/v2\/pages\/1888\/revisions"}],"predecessor-version":[{"id":1889,"href":"https:\/\/gutiepepe.com\/index.php?rest_route=\/wp\/v2\/pages\/1888\/revisions\/1889"}],"wp:attachment":[{"href":"https:\/\/gutiepepe.com\/index.php?rest_route=%2Fwp%2Fv2%2Fmedia&parent=1888"}],"curies":[{"name":"wp","href":"https:\/\/api.w.org\/{rel}","templated":true}]}}