{"id":1886,"date":"2025-06-25T20:46:20","date_gmt":"2025-06-25T20:46:20","guid":{"rendered":"https:\/\/gutiepepe.com\/?page_id=1886"},"modified":"2025-06-25T20:46:21","modified_gmt":"2025-06-25T20:46:21","slug":"politicas-de-entregas","status":"publish","type":"page","link":"https:\/\/gutiepepe.com\/?page_id=1886","title":{"rendered":"Politicas de Entregas"},"content":{"rendered":"\n<p>A Guti e Pepe realiza entregas para todo o Brasil, utilizando os servi\u00e7os de transportadoras parceiras e Correios.<\/p>\n\n\n\n<p>1. Prazo de Entrega<\/p>\n\n\n\n<p>O prazo de entrega varia conforme a localidade, tipo de produto e forma de envio escolhida no momento da compra. O prazo come\u00e7a a contar a partir da confirma\u00e7\u00e3o do pagamento.<\/p>\n\n\n\n<p>2. Acompanhamento<\/p>\n\n\n\n<p>Ap\u00f3s o envio do pedido, o cliente receber\u00e1 por e-mail o c\u00f3digo de rastreamento para acompanhar a entrega.<\/p>\n\n\n\n<p>3. Frete<\/p>\n\n\n\n<p>O valor do frete \u00e9 calculado automaticamente no carrinho de compras, de acordo com o peso, dimens\u00f5es e CEP de destino.<\/p>\n\n\n\n<p>4. Problemas na Entrega<\/p>\n\n\n\n<p>Em caso de atraso, extravio ou problema com o recebimento, o cliente deve entrar em contato pelo e-mail GutiePepe0@gmail.com ou WhatsApp (19) 99750-0960 para que possamos resolver a situa\u00e7\u00e3o.<\/p>\n","protected":false},"excerpt":{"rendered":"<p>A Guti e Pepe realiza entregas para todo o Brasil, utilizando os servi\u00e7os de transportadoras parceiras e Correios. 1. Prazo [&hellip;]<\/p>\n","protected":false},"author":1,"featured_media":0,"parent":0,"menu_order":0,"comment_status":"closed","ping_status":"closed","template":"","meta":{"_uag_custom_page_level_css":"","site-sidebar-layout":"default","site-content-layout":"","ast-site-content-layout":"","site-content-style":"default","site-sidebar-style":"default","ast-global-header-display":"","ast-banner-title-visibility":"","ast-main-header-display":"","ast-hfb-above-header-display":"","ast-hfb-below-header-display":"","ast-hfb-mobile-header-display":"","site-post-title":"","ast-breadcrumbs-content":"","ast-featured-img":"","footer-sml-layout":"","theme-transparent-header-meta":"","adv-header-id-meta":"","stick-header-meta":"","header-above-stick-meta":"","header-main-stick-meta":"","header-below-stick-meta":"","astra-migrate-meta-layouts":"default","ast-page-background-enabled":"default","ast-page-background-meta":{"desktop":{"background-color":"var(--ast-global-color-5)","background-image":"","background-repeat":"repeat","background-position":"center center","background-size":"auto","background-attachment":"scroll","background-type":"","background-media":"","overlay-type":"","overlay-color":"","overlay-opacity":"","overlay-gradient":""},"tablet":{"background-color":"","background-image":"","background-repeat":"repeat","background-position":"center center","background-size":"auto","background-attachment":"scroll","background-type":"","background-media":"","overlay-type":"","overlay-color":"","overlay-opacity":"","overlay-gradient":""},"mobile":{"background-color":"","background-image":"","background-repeat":"repeat","background-position":"center center","background-size":"auto","background-attachment":"scroll","background-type":"","background-media":"","overlay-type":"","overlay-color":"","overlay-opacity":"","overlay-gradient":""}},"ast-content-background-meta":{"desktop":{"background-color":"var(--ast-global-color-4)","background-image":"","background-repeat":"repeat","background-position":"center center","background-size":"auto","background-attachment":"scroll","background-type":"","background-media":"","overlay-type":"","overlay-color":"","overlay-opacity":"","overlay-gradient":""},"tablet":{"background-color":"var(--ast-global-color-4)","background-image":"","background-repeat":"repeat","background-position":"center center","background-size":"auto","background-attachment":"scroll","background-type":"","background-media":"","overlay-type":"","overlay-color":"","overlay-opacity":"","overlay-gradient":""},"mobile":{"background-color":"var(--ast-global-color-4)","background-image":"","background-repeat":"repeat","background-position":"center center","background-size":"auto","background-attachment":"scroll","background-type":"","background-media":"","overlay-type":"","overlay-color":"","overlay-opacity":"","overlay-gradient":""}},"footnotes":""},"class_list":["post-1886","page","type-page","status-publish","hentry"],"uagb_featured_image_src":{"full":false,"thumbnail":false,"medium":false,"medium_large":false,"large":false,"1536x1536":false,"2048x2048":false,"woocommerce_thumbnail":false,"woocommerce_single":false,"woocommerce_gallery_thumbnail":false},"uagb_author_info":{"display_name":"rogerio_fiocca@hotmail.com","author_link":"https:\/\/gutiepepe.com\/?author=1"},"uagb_comment_info":0,"uagb_excerpt":"A Guti e Pepe realiza entregas para todo o Brasil, utilizando os servi\u00e7os de transportadoras parceiras e Correios. 1. Prazo [&hellip;]","_links":{"self":[{"href":"https:\/\/gutiepepe.com\/index.php?rest_route=\/wp\/v2\/pages\/1886","targetHints":{"allow":["GET"]}}],"collection":[{"href":"https:\/\/gutiepepe.com\/index.php?rest_route=\/wp\/v2\/pages"}],"about":[{"href":"https:\/\/gutiepepe.com\/index.php?rest_route=\/wp\/v2\/types\/page"}],"author":[{"embeddable":true,"href":"https:\/\/gutiepepe.com\/index.php?rest_route=\/wp\/v2\/users\/1"}],"replies":[{"embeddable":true,"href":"https:\/\/gutiepepe.com\/index.php?rest_route=%2Fwp%2Fv2%2Fcomments&post=1886"}],"version-history":[{"count":1,"href":"https:\/\/gutiepepe.com\/index.php?rest_route=\/wp\/v2\/pages\/1886\/revisions"}],"predecessor-version":[{"id":1887,"href":"https:\/\/gutiepepe.com\/index.php?rest_route=\/wp\/v2\/pages\/1886\/revisions\/1887"}],"wp:attachment":[{"href":"https:\/\/gutiepepe.com\/index.php?rest_route=%2Fwp%2Fv2%2Fmedia&parent=1886"}],"curies":[{"name":"wp","href":"https:\/\/api.w.org\/{rel}","templated":true}]}}