{"id":1884,"date":"2025-06-25T20:42:18","date_gmt":"2025-06-25T20:42:18","guid":{"rendered":"https:\/\/gutiepepe.com\/?page_id=1884"},"modified":"2025-06-25T20:42:19","modified_gmt":"2025-06-25T20:42:19","slug":"politica-de-privacidade","status":"publish","type":"page","link":"https:\/\/gutiepepe.com\/?page_id=1884","title":{"rendered":"Politica de Privacidade"},"content":{"rendered":"\n<p>A Guti e Pepe respeita a sua privacidade e se compromete a proteger as informa\u00e7\u00f5es pessoais que voc\u00ea nos fornece. Esta Pol\u00edtica de Privacidade explica como coletamos, utilizamos e protegemos seus dados.<\/p>\n\n\n\n<p>1. Coleta de Dados<\/p>\n\n\n\n<p>Coletamos as seguintes informa\u00e7\u00f5es quando voc\u00ea realiza um pedido ou entra em contato conosco:<\/p>\n\n\n\n<p>Nome completo<\/p>\n\n\n\n<p>Endere\u00e7o de e-mail<\/p>\n\n\n\n<p>Endere\u00e7o de entrega<\/p>\n\n\n\n<p>Telefone para contato<\/p>\n\n\n\n<p>Informa\u00e7\u00f5es de pagamento (processadas de forma segura via Mercado Pago)<\/p>\n\n\n\n<p>2. Uso das Informa\u00e7\u00f5es<\/p>\n\n\n\n<p>As informa\u00e7\u00f5es s\u00e3o utilizadas para:<\/p>\n\n\n\n<p>Processamento e envio dos pedidos<\/p>\n\n\n\n<p>Comunica\u00e7\u00e3o com o cliente sobre status da compra ou d\u00favidas<\/p>\n\n\n\n<p>Atendimento p\u00f3s-venda<\/p>\n\n\n\n<p>Cumprimento de obriga\u00e7\u00f5es legais e fiscais<\/p>\n\n\n\n<p>3. Compartilhamento de Dados<\/p>\n\n\n\n<p>Seus dados s\u00e3o compartilhados apenas com:<\/p>\n\n\n\n<p>Prestadores de servi\u00e7os de pagamento (Mercado Pago)<\/p>\n\n\n\n<p>Empresas de transporte (para envio dos pedidos) Nunca vendemos ou cedemos seus dados a terceiros para fins comerciais.<\/p>\n\n\n\n<p>4. Prote\u00e7\u00e3o de Dados<\/p>\n\n\n\n<p>Adotamos medidas de seguran\u00e7a para proteger seus dados contra acessos n\u00e3o autorizados, altera\u00e7\u00e3o, divulga\u00e7\u00e3o ou destrui\u00e7\u00e3o.<\/p>\n\n\n\n<p>5. Direitos do Titular<\/p>\n\n\n\n<p>Voc\u00ea pode solicitar a qualquer momento:<\/p>\n\n\n\n<p>Acesso aos seus dados pessoais<\/p>\n\n\n\n<p>Corre\u00e7\u00e3o de informa\u00e7\u00f5es incorretas<\/p>\n\n\n\n<p>Exclus\u00e3o de seus dados dos nossos registros (exceto nos casos exigidos por lei)<\/p>\n\n\n\n<p>Para isso, entre em contato pelo e-mail GutiePepe0@gmail.com ou pelo WhatsApp (19) 99750-0960.<\/p>\n","protected":false},"excerpt":{"rendered":"<p>A Guti e Pepe respeita a sua privacidade e se compromete a proteger as informa\u00e7\u00f5es pessoais que voc\u00ea nos fornece. [&hellip;]<\/p>\n","protected":false},"author":1,"featured_media":0,"parent":0,"menu_order":0,"comment_status":"closed","ping_status":"closed","template":"","meta":{"_uag_custom_page_level_css":"","site-sidebar-layout":"default","site-content-layout":"","ast-site-content-layout":"","site-content-style":"default","site-sidebar-style":"default","ast-global-header-display":"","ast-banner-title-visibility":"","ast-main-header-display":"","ast-hfb-above-header-display":"","ast-hfb-below-header-display":"","ast-hfb-mobile-header-display":"","site-post-title":"","ast-breadcrumbs-content":"","ast-featured-img":"","footer-sml-layout":"","theme-transparent-header-meta":"","adv-header-id-meta":"","stick-header-meta":"","header-above-stick-meta":"","header-main-stick-meta":"","header-below-stick-meta":"","astra-migrate-meta-layouts":"default","ast-page-background-enabled":"default","ast-page-background-meta":{"desktop":{"background-color":"var(--ast-global-color-5)","background-image":"","background-repeat":"repeat","background-position":"center center","background-size":"auto","background-attachment":"scroll","background-type":"","background-media":"","overlay-type":"","overlay-color":"","overlay-opacity":"","overlay-gradient":""},"tablet":{"background-color":"","background-image":"","background-repeat":"repeat","background-position":"center center","background-size":"auto","background-attachment":"scroll","background-type":"","background-media":"","overlay-type":"","overlay-color":"","overlay-opacity":"","overlay-gradient":""},"mobile":{"background-color":"","background-image":"","background-repeat":"repeat","background-position":"center center","background-size":"auto","background-attachment":"scroll","background-type":"","background-media":"","overlay-type":"","overlay-color":"","overlay-opacity":"","overlay-gradient":""}},"ast-content-background-meta":{"desktop":{"background-color":"var(--ast-global-color-4)","background-image":"","background-repeat":"repeat","background-position":"center center","background-size":"auto","background-attachment":"scroll","background-type":"","background-media":"","overlay-type":"","overlay-color":"","overlay-opacity":"","overlay-gradient":""},"tablet":{"background-color":"var(--ast-global-color-4)","background-image":"","background-repeat":"repeat","background-position":"center center","background-size":"auto","background-attachment":"scroll","background-type":"","background-media":"","overlay-type":"","overlay-color":"","overlay-opacity":"","overlay-gradient":""},"mobile":{"background-color":"var(--ast-global-color-4)","background-image":"","background-repeat":"repeat","background-position":"center center","background-size":"auto","background-attachment":"scroll","background-type":"","background-media":"","overlay-type":"","overlay-color":"","overlay-opacity":"","overlay-gradient":""}},"footnotes":""},"class_list":["post-1884","page","type-page","status-publish","hentry"],"uagb_featured_image_src":{"full":false,"thumbnail":false,"medium":false,"medium_large":false,"large":false,"1536x1536":false,"2048x2048":false,"woocommerce_thumbnail":false,"woocommerce_single":false,"woocommerce_gallery_thumbnail":false},"uagb_author_info":{"display_name":"rogerio_fiocca@hotmail.com","author_link":"https:\/\/gutiepepe.com\/?author=1"},"uagb_comment_info":0,"uagb_excerpt":"A Guti e Pepe respeita a sua privacidade e se compromete a proteger as informa\u00e7\u00f5es pessoais que voc\u00ea nos fornece. [&hellip;]","_links":{"self":[{"href":"https:\/\/gutiepepe.com\/index.php?rest_route=\/wp\/v2\/pages\/1884","targetHints":{"allow":["GET"]}}],"collection":[{"href":"https:\/\/gutiepepe.com\/index.php?rest_route=\/wp\/v2\/pages"}],"about":[{"href":"https:\/\/gutiepepe.com\/index.php?rest_route=\/wp\/v2\/types\/page"}],"author":[{"embeddable":true,"href":"https:\/\/gutiepepe.com\/index.php?rest_route=\/wp\/v2\/users\/1"}],"replies":[{"embeddable":true,"href":"https:\/\/gutiepepe.com\/index.php?rest_route=%2Fwp%2Fv2%2Fcomments&post=1884"}],"version-history":[{"count":1,"href":"https:\/\/gutiepepe.com\/index.php?rest_route=\/wp\/v2\/pages\/1884\/revisions"}],"predecessor-version":[{"id":1885,"href":"https:\/\/gutiepepe.com\/index.php?rest_route=\/wp\/v2\/pages\/1884\/revisions\/1885"}],"wp:attachment":[{"href":"https:\/\/gutiepepe.com\/index.php?rest_route=%2Fwp%2Fv2%2Fmedia&parent=1884"}],"curies":[{"name":"wp","href":"https:\/\/api.w.org\/{rel}","templated":true}]}}